{"id":40,"date":"2024-03-18T15:47:24","date_gmt":"2024-03-18T15:47:24","guid":{"rendered":"https:\/\/carbonct.web.ua.pt\/?page_id=40"},"modified":"2024-03-21T15:58:59","modified_gmt":"2024-03-21T15:58:59","slug":"consortium","status":"publish","type":"page","link":"https:\/\/carbonct.web.ua.pt\/index.php\/consortium\/","title":{"rendered":"Consortium"},"content":{"rendered":"<p style=\"text-align: center; font-size: 22px;\">Centre for Mechanical Engineering and Automation, University of Aveiro.<\/p>\n<table style=\"height: 850px;\" width=\"1000\">\n<tbody>\n<tr>\n<th><img loading=\"lazy\" decoding=\"async\" src=\"https:\/\/carbonct.web.ua.pt\/wp-content\/uploads\/2024\/03\/Ana-Martins.jpg\" width=\"150\" height=\"150\" \/><br \/>\nAna Martins<\/th>\n<th><img loading=\"lazy\" decoding=\"async\" src=\"https:\/\/carbonct.web.ua.pt\/wp-content\/uploads\/2024\/03\/Catarina-Almeida.jpg\" width=\"150\" height=\"150\" \/><br \/>\nCatarina Almeida<\/th>\n<th><img loading=\"lazy\" decoding=\"async\" src=\"https:\/\/carbonct.web.ua.pt\/wp-content\/uploads\/2024\/03\/Duarte-Almeida.jpg\" width=\"150\" height=\"150\" \/><br \/>\n<a href=\"https:\/\/www.ua.pt\/pt\/p\/80554480\">Duarte Almeida<\/a><\/th>\n<\/tr>\n<tr>\n<th><img loading=\"lazy\" decoding=\"async\" src=\"https:\/\/carbonct.web.ua.pt\/wp-content\/uploads\/2024\/03\/Gil-Goncalves.png\" width=\"150\" height=\"150\" \/><br \/>\n<a href=\"https:\/\/www.ua.pt\/pt\/p\/80423881\">Gil Gon\u00e7alves<\/a><\/th>\n<th><img loading=\"lazy\" decoding=\"async\" src=\"https:\/\/carbonct.web.ua.pt\/wp-content\/uploads\/2024\/03\/Joao-Gil.jpg\" width=\"150\" height=\"150\" \/><br \/>\n<a href=\"https:\/\/www.ua.pt\/pt\/p\/80648588\">Jo\u00e3o Gil<\/a><\/th>\n<th><img loading=\"lazy\" decoding=\"async\" src=\"https:\/\/carbonct.web.ua.pt\/wp-content\/uploads\/2024\/03\/Mariana-Dias.png\" width=\"150\" height=\"150\" \/><br \/>\nMariana Dias<\/th>\n<\/tr>\n<tr>\n<th><img loading=\"lazy\" decoding=\"async\" src=\"https:\/\/carbonct.web.ua.pt\/wp-content\/uploads\/2024\/03\/Paula-Marques.jpg\" width=\"150\" height=\"150\" \/><br \/>\n<a href=\"https:\/\/www.ua.pt\/pt\/p\/10313365\">Paula Marques<\/a><\/th>\n<th><img loading=\"lazy\" decoding=\"async\" src=\"https:\/\/carbonct.web.ua.pt\/wp-content\/uploads\/2024\/03\/Raul-Simoes-scaled.jpg\" width=\"150\" height=\"150\" \/><br \/>\n<a href=\"https:\/\/www.ua.pt\/pt\/p\/80384758\">Raul Sim\u00f5es<\/a><\/th>\n<\/tr>\n<\/tbody>\n<\/table>\n<table style=\"height: 200px;\" width=\"1120\">\n<tbody>\n<tr>\n<th><img decoding=\"async\" class=\"wp-image-472 aligncenter\" src=\"https:\/\/carbonct.web.ua.pt\/wp-content\/uploads\/2024\/03\/logo_TEMAUA.png\" alt=\"\" width=\"50%\" \/><\/th>\n<\/tr>\n<\/tbody>\n<\/table>\n<p>&nbsp;<\/p>\n<p>&nbsp;<\/p>\n<p>&nbsp;<\/p>\n<ul>\n<p style=\"text-align: center; font-size: 22px;\">CICECO &#8211; Aveiro Institute of Materials, University of Aveiro<\/p>\n<\/ul>\n<table style=\"height: 260px;\" width=\"1000\">\n<tbody>\n<tr>\n<th><img loading=\"lazy\" decoding=\"async\" src=\"https:\/\/carbonct.web.ua.pt\/wp-content\/uploads\/2024\/03\/Manuel-Franco.png\" width=\"150\" height=\"150\" \/><br \/>\n<a href=\"https:\/\/www.ciceco.ua.pt\/?tabela=pessoaldetail&amp;menu=219&amp;user=1321\">Manuel Melle-Franco<\/a><\/th>\n<th><img loading=\"lazy\" decoding=\"async\" class=\"aligncenter\" src=\"https:\/\/carbonct.web.ua.pt\/wp-content\/uploads\/2024\/03\/Ricardo-Pinto.png\" width=\"150\" height=\"150\" \/><br \/>\n<a href=\"https:\/\/www.ciceco.ua.pt\/?tabela=pessoaldetail&amp;menu=219&amp;user=276\">Ricardo Pinto<\/a><\/th>\n<\/tr>\n<\/tbody>\n<\/table>\n<table style=\"height: 200px;\" width=\"1120\">\n<tbody>\n<tr>\n<th><img decoding=\"async\" class=\"wp-image-472 size-large aligncenter\" src=\"https:\/\/carbonct.web.ua.pt\/wp-content\/uploads\/2024\/03\/logo_CICECOUA.png\" alt=\"\" width=\"50%\" \/><\/th>\n<\/tr>\n<\/tbody>\n<\/table>\n<p>&nbsp;<\/p>\n<ul>\n<p style=\"text-align: center; font-size: 22px;\">Associated Laboratory for Green Chemistry (LAQV) of the Network of Chemistry and Technology (REQUIMTE), University of Aveiro<\/p>\n<\/ul>\n<table style=\"height: 260px;\" width=\"1120\">\n<tbody>\n<tr>\n<th style=\"text-align: center;\"><img loading=\"lazy\" decoding=\"async\" src=\"https:\/\/carbonct.web.ua.pt\/wp-content\/uploads\/2024\/03\/Carla-Santos.png\" width=\"150\" height=\"150\" \/><br \/>\n<a href=\"https:\/\/cqe.tecnico.ulisboa.pt\/members\/12847\">Carla Santos<\/a><\/th>\n<\/tr>\n<\/tbody>\n<\/table>\n<table style=\"height: 200px;\" width=\"1120\">\n<tbody>\n<tr>\n<th><img decoding=\"async\" class=\"wp-image-472 size-large aligncenter\" src=\"https:\/\/carbonct.web.ua.pt\/wp-content\/uploads\/2024\/03\/logo_LAQVUA.png\" alt=\"\" width=\"50%\" \/><\/th>\n<\/tr>\n<\/tbody>\n<\/table>\n<p>&nbsp;<\/p>\n<ul>\n<p style=\"text-align: center; font-size: 22px;\">University of Coimbra, Coimbra Institute for Clinical and Biomedical Research (iCBR)<\/p>\n<\/ul>\n<p>&nbsp;<\/p>\n<table style=\"height: 218px;\" width=\"938\">\n<tbody>\n<tr>\n<th><img loading=\"lazy\" decoding=\"async\" src=\"https:\/\/carbonct.web.ua.pt\/wp-content\/uploads\/2024\/03\/Catarina-Ferreira.jpg\" width=\"150\" height=\"150\" \/><br \/>\n<a href=\"https:\/\/www.uc.pt\/fmuc\/cimago\/quem-somos\/area-oncobiologia-grupo-modelizacao-para-diagnostico-tratamento-e-teranostica\/ \">Catarina Alemida Ferreira<\/a><\/th>\n<th><img loading=\"lazy\" decoding=\"async\" src=\"https:\/\/carbonct.web.ua.pt\/wp-content\/uploads\/2024\/03\/Mafalda-Laranjo.jpg\" width=\"150\" height=\"150\" \/><br \/>\n<a href=\"https:\/\/www.uc.pt\/fmuc\/cimago\/quem-somos\/area-oncobiologia-grupo-modelizacao-para-diagnostico-tratamento-e-teranostica\/\">Mafalda Laranjo<\/a><\/th>\n<th><img loading=\"lazy\" decoding=\"async\" src=\"https:\/\/carbonct.web.ua.pt\/wp-content\/uploads\/2024\/03\/Maria-Botelho.jpg\" width=\"150\" height=\"150\" \/><br \/>\n<a href=\"https:\/\/www.uc.pt\/fmuc\/cimago\/quem-somos\/area-oncobiologia-grupo-modelizacao-para-diagnostico-tratamento-e-teranostica\/\">Maria Filomena Botelho<\/a><\/th>\n<\/tr>\n<\/tbody>\n<\/table>\n<table style=\"height: 200px;\" width=\"1120\">\n<tbody>\n<tr>\n<th><img decoding=\"async\" class=\"wp-image-472 size-large aligncenter\" src=\"https:\/\/carbonct.web.ua.pt\/wp-content\/uploads\/2024\/03\/logo_iCBR.jpg\" alt=\"\" width=\"50%\" \/><\/th>\n<\/tr>\n<\/tbody>\n<\/table>\n","protected":false},"excerpt":{"rendered":"<p>Centre for Mechanical Engineering and Automation, University of Aveiro. Ana Martins Catarina Almeida Duarte Almeida Gil Gon\u00e7alves Jo\u00e3o Gil Mariana Dias Paula Marques Raul Sim\u00f5es &nbsp; &nbsp; &nbsp; CICECO &#8211; Aveiro Institute of Materials, University of Aveiro Manuel Melle-Franco Ricardo Pinto &nbsp; Associated Laboratory for Green Chemistry (LAQV) of the Network of Chemistry and Technology [&hellip;]<\/p>\n","protected":false},"author":1,"featured_media":0,"parent":0,"menu_order":0,"comment_status":"closed","ping_status":"closed","template":"","meta":{"footnotes":""},"_links":{"self":[{"href":"https:\/\/carbonct.web.ua.pt\/index.php\/wp-json\/wp\/v2\/pages\/40"}],"collection":[{"href":"https:\/\/carbonct.web.ua.pt\/index.php\/wp-json\/wp\/v2\/pages"}],"about":[{"href":"https:\/\/carbonct.web.ua.pt\/index.php\/wp-json\/wp\/v2\/types\/page"}],"author":[{"embeddable":true,"href":"https:\/\/carbonct.web.ua.pt\/index.php\/wp-json\/wp\/v2\/users\/1"}],"replies":[{"embeddable":true,"href":"https:\/\/carbonct.web.ua.pt\/index.php\/wp-json\/wp\/v2\/comments?post=40"}],"version-history":[{"count":97,"href":"https:\/\/carbonct.web.ua.pt\/index.php\/wp-json\/wp\/v2\/pages\/40\/revisions"}],"predecessor-version":[{"id":922,"href":"https:\/\/carbonct.web.ua.pt\/index.php\/wp-json\/wp\/v2\/pages\/40\/revisions\/922"}],"wp:attachment":[{"href":"https:\/\/carbonct.web.ua.pt\/index.php\/wp-json\/wp\/v2\/media?parent=40"}],"curies":[{"name":"wp","href":"https:\/\/api.w.org\/{rel}","templated":true}]}}